{"id":845,"date":"2022-07-07T08:41:31","date_gmt":"2022-07-07T08:41:31","guid":{"rendered":"https:\/\/spf.ueh.edu.vn\/en\/?page_id=845"},"modified":"2022-07-07T08:46:44","modified_gmt":"2022-07-07T08:46:44","slug":"su-kien-ueh","status":"publish","type":"page","link":"https:\/\/spf.ueh.edu.vn\/en\/su-kien-ueh\/","title":{"rendered":"S\u1ef1 ki\u1ec7n"},"content":{"rendered":"\t\t<div data-elementor-type=\"wp-page\" data-elementor-id=\"845\" class=\"elementor elementor-845\" data-elementor-post-type=\"page\">\n\t\t\t\t\t\t<section class=\"elementor-section elementor-top-section elementor-element elementor-element-7aa89d9 elementor-section-boxed elementor-section-height-default elementor-section-height-default\" data-id=\"7aa89d9\" data-element_type=\"section\" data-settings=\"{&quot;jet_parallax_layout_list&quot;:[]}\">\n\t\t\t\t\t\t<div class=\"elementor-container elementor-column-gap-default\">\n\t\t\t\t\t<div class=\"elementor-column elementor-col-100 elementor-top-column elementor-element elementor-element-8ef94c2\" data-id=\"8ef94c2\" data-element_type=\"column\">\n\t\t\t<div class=\"elementor-widget-wrap elementor-element-populated\">\n\t\t\t\t\t\t<div class=\"elementor-element elementor-element-fffb56b elementor-widget elementor-widget-heading\" data-id=\"fffb56b\" data-element_type=\"widget\" data-widget_type=\"heading.default\">\n\t\t\t\t<div class=\"elementor-widget-container\">\n\t\t\t\t\t<h2 class=\"elementor-heading-title elementor-size-default\">S\u1ef0 KI\u1ec6N<\/h2>\t\t\t\t<\/div>\n\t\t\t\t<\/div>\n\t\t\t\t<div class=\"elementor-element elementor-element-273dee4 elementor-widget elementor-widget-jet-posts\" data-id=\"273dee4\" data-element_type=\"widget\" data-settings=\"{&quot;columns&quot;:&quot;2&quot;,&quot;slides_to_scroll&quot;:&quot;1&quot;}\" data-widget_type=\"jet-posts.default\">\n\t\t\t\t<div class=\"elementor-widget-container\">\n\t\t\t\t\t<div class=\"elementor-jet-posts jet-elements\"><div class=\"jet-posts col-row \"><div class=\"jet-posts__item\">\n\t<div class=\"jet-posts__inner-box\"><div class=\"post-thumbnail\"><a href=\"https:\/\/spf.ueh.edu.vn\/en\/su-kien\/pho-bien-ke-hoach-thuc-tap-va-xet-tot-nghiep-cho-khoa-47-dhcq\/\" class=\"post-thumbnail__link\"><img loading=\"lazy\" decoding=\"async\" class=\"post-thumbnail__img wp-post-image\" src=\"https:\/\/spf.ueh.edu.vn\/en\/wp-content\/uploads\/2024\/06\/Thong-bao-Thuc-tap-2024.png\" alt=\"Ph\u1ed5 bi\u1ebfn K\u1ebf ho\u1ea1ch th\u1ef1c t\u1eadp v\u00e0 x\u00e9t t\u1ed1t nghi\u1ec7p cho Kh\u00f3a 47 - \u0110HCQ\" loading=\"lazy\" width=\"940\" height=\"788\"><\/a><\/div><div class=\"jet-posts__inner-content\"><h4 class=\"entry-title\"><a href=\"https:\/\/spf.ueh.edu.vn\/en\/su-kien\/pho-bien-ke-hoach-thuc-tap-va-xet-tot-nghiep-cho-khoa-47-dhcq\/\" target=\"\">Ph\u1ed5 bi\u1ebfn K\u1ebf ho\u1ea1ch th\u1ef1c t\u1eadp v\u00e0 x\u00e9t t\u1ed1t nghi\u1ec7p cho Kh\u00f3a 47 - \u0110HCQ<\/a><\/h4><div class=\"entry-excerpt\">Khoa T\u00e0i ch\u00ednh c\u00f4ng t\u1ed5 ch\u1ee9c bu\u1ed5i ph\u1ed5 bi\u1ebfn K\u1ebf ho\u1ea1ch th\u1ef1c t\u1eadp v\u00e0 x\u00e9t t\u1ed1t nghi\u1ec7p cho Kh\u00f3a 47&hellip;<\/div><div class=\"jet-more-wrap\"><a href=\"https:\/\/spf.ueh.edu.vn\/en\/su-kien\/pho-bien-ke-hoach-thuc-tap-va-xet-tot-nghiep-cho-khoa-47-dhcq\/\" class=\"btn btn-primary elementor-button elementor-size-md jet-more\" target=\"\"><span class=\"btn__text\">Chi ti\u1ebft<\/span><\/a><\/div><\/div><\/div>\n<\/div>\n<div class=\"jet-posts__item\">\n\t<div class=\"jet-posts__inner-box\"><div class=\"post-thumbnail\"><a href=\"https:\/\/spf.ueh.edu.vn\/en\/su-kien\/lich-tu-van-tuyen-sinh-huong-nghiep-truc-tuyen-cung-chuyen-gia-ueh-chu-nhat-7-4-2024\/\" class=\"post-thumbnail__link\"><img loading=\"lazy\" decoding=\"async\" class=\"post-thumbnail__img wp-post-image\" src=\"https:\/\/spf.ueh.edu.vn\/en\/wp-content\/uploads\/2024\/04\/435294796_834293222057869_4881077438023650394_n.jpg\" alt=\"L\u1ecaCH T\u01af V\u1ea4N TUY\u1ec2N SINH - H\u01af\u1edaNG NGHI\u1ec6P TR\u1ef0C TUY\u1ebeN C\u00d9NG CHUY\u00caN GIA UEH - CH\u1ee6 NH\u1eacT 7\/4\/2024\" loading=\"lazy\" width=\"2048\" height=\"1152\"><\/a><\/div><div class=\"jet-posts__inner-content\"><h4 class=\"entry-title\"><a href=\"https:\/\/spf.ueh.edu.vn\/en\/su-kien\/lich-tu-van-tuyen-sinh-huong-nghiep-truc-tuyen-cung-chuyen-gia-ueh-chu-nhat-7-4-2024\/\" target=\"\">L\u1ecaCH T\u01af V\u1ea4N TUY\u1ec2N SINH - H\u01af\u1edaNG NGHI\u1ec6P TR\u1ef0C TUY\u1ebeN C\u00d9NG CHUY\u00caN GIA UEH - CH\u1ee6 NH\u1eacT 7\/4\/2024<\/a><\/h4><div class=\"entry-excerpt\">L\u1ecaCH T\u01af V\u1ea4N TUY\u1ec2N SINH &#8211; H\u01af\u1edaNG NGHI\u1ec6P TR\u1ef0C TUY\u1ebeN C\u00d9NG CHUY\u00caN GIA UEH &#8211; CH\u1ee6 NH\u1eacT 7\/4\/2024 C\u01a1 h\u1ed9i&hellip;<\/div><div class=\"jet-more-wrap\"><a href=\"https:\/\/spf.ueh.edu.vn\/en\/su-kien\/lich-tu-van-tuyen-sinh-huong-nghiep-truc-tuyen-cung-chuyen-gia-ueh-chu-nhat-7-4-2024\/\" class=\"btn btn-primary elementor-button elementor-size-md jet-more\" target=\"\"><span class=\"btn__text\">Chi ti\u1ebft<\/span><\/a><\/div><\/div><\/div>\n<\/div>\n<div class=\"jet-posts__item\">\n\t<div class=\"jet-posts__inner-box\"><div class=\"post-thumbnail\"><a href=\"https:\/\/spf.ueh.edu.vn\/en\/su-kien\/thong-bao-lich-pho-bien-quy-dinh-xet-chuyen-nganh-dang-ky-hoc-chuong-trinh-thu-2-va-gioi-thieu-cac-chuyen-nganh-doi-voi-sinh-vien-khoa-48-dai-hoc-chinh-quy\/\" class=\"post-thumbnail__link\"><img loading=\"lazy\" decoding=\"async\" class=\"post-thumbnail__img wp-post-image\" src=\"https:\/\/spf.ueh.edu.vn\/en\/wp-content\/uploads\/2023\/04\/Colorful-Cute-Illustration-Special-Sale-Facebook-Post-2.png\" alt=\"Th\u00f4ng b\u00e1o l\u1ecbch ph\u1ed5 bi\u1ebfn quy \u0111\u1ecbnh x\u00e9t chuy\u00ean ng\u00e0nh, \u0111\u0103ng k\u00fd h\u1ecdc ch\u01b0\u01a1ng tr\u00ecnh th\u1ee9 2 v\u00e0 gi\u1edbi thi\u1ec7u c\u00e1c chuy\u00ean ng\u00e0nh \u0111\u1ed1i v\u1edbi sinh vi\u00ean Kh\u00f3a 48 - \u0110\u1ea1i h\u1ecdc ch\u00ednh quy\" loading=\"lazy\" width=\"940\" height=\"788\"><\/a><\/div><div class=\"jet-posts__inner-content\"><h4 class=\"entry-title\"><a href=\"https:\/\/spf.ueh.edu.vn\/en\/su-kien\/thong-bao-lich-pho-bien-quy-dinh-xet-chuyen-nganh-dang-ky-hoc-chuong-trinh-thu-2-va-gioi-thieu-cac-chuyen-nganh-doi-voi-sinh-vien-khoa-48-dai-hoc-chinh-quy\/\" target=\"\">Th\u00f4ng b\u00e1o l\u1ecbch ph\u1ed5 bi\u1ebfn quy \u0111\u1ecbnh x\u00e9t chuy\u00ean ng\u00e0nh, \u0111\u0103ng k\u00fd h\u1ecdc ch\u01b0\u01a1ng tr\u00ecnh th\u1ee9 2 v\u00e0 gi\u1edbi thi\u1ec7u c\u00e1c chuy\u00ean ng\u00e0nh \u0111\u1ed1i v\u1edbi sinh vi\u00ean Kh\u00f3a 48 - \u0110\u1ea1i h\u1ecdc ch\u00ednh quy<\/a><\/h4><div class=\"entry-excerpt\">Th\u00f4ng b\u00e1o l\u1ecbch ph\u1ed5 bi\u1ebfn quy \u0111\u1ecbnh x\u00e9t chuy\u00ean ng\u00e0nh, \u0111\u0103ng k\u00fd h\u1ecdc ch\u01b0\u01a1ng tr\u00ecnh th\u1ee9 2 v\u00e0 gi\u1edbi thi\u1ec7u&hellip;<\/div><div class=\"jet-more-wrap\"><a href=\"https:\/\/spf.ueh.edu.vn\/en\/su-kien\/thong-bao-lich-pho-bien-quy-dinh-xet-chuyen-nganh-dang-ky-hoc-chuong-trinh-thu-2-va-gioi-thieu-cac-chuyen-nganh-doi-voi-sinh-vien-khoa-48-dai-hoc-chinh-quy\/\" class=\"btn btn-primary elementor-button elementor-size-md jet-more\" target=\"\"><span class=\"btn__text\">Chi ti\u1ebft<\/span><\/a><\/div><\/div><\/div>\n<\/div>\n<div class=\"jet-posts__item\">\n\t<div class=\"jet-posts__inner-box\"><div class=\"post-thumbnail\"><a href=\"https:\/\/spf.ueh.edu.vn\/en\/su-kien\/lich-tu-van-tuyen-sinh-huong-nghiep-truc-tuyen-cung-chuyen-gia-ueh-chu-nhat-9-4-2023\/\" class=\"post-thumbnail__link\"><img loading=\"lazy\" decoding=\"async\" class=\"post-thumbnail__img wp-post-image\" src=\"https:\/\/spf.ueh.edu.vn\/en\/wp-content\/uploads\/2023\/04\/05.png\" alt=\"L\u1ecaCH T\u01af V\u1ea4N TUY\u1ec2N SINH - H\u01af\u1edaNG NGHI\u1ec6P TR\u1ef0C TUY\u1ebeN C\u00d9NG CHUY\u00caN GIA UEH - CH\u1ee6 NH\u1eacT 9\/4\/2023\" loading=\"lazy\" width=\"1920\" height=\"1080\"><\/a><\/div><div class=\"jet-posts__inner-content\"><h4 class=\"entry-title\"><a href=\"https:\/\/spf.ueh.edu.vn\/en\/su-kien\/lich-tu-van-tuyen-sinh-huong-nghiep-truc-tuyen-cung-chuyen-gia-ueh-chu-nhat-9-4-2023\/\" target=\"\">L\u1ecaCH T\u01af V\u1ea4N TUY\u1ec2N SINH - H\u01af\u1edaNG NGHI\u1ec6P TR\u1ef0C TUY\u1ebeN C\u00d9NG CHUY\u00caN GIA UEH - CH\u1ee6 NH\u1eacT 9\/4\/2023<\/a><\/h4><div class=\"entry-excerpt\">L\u1ecaCH T\u01af V\u1ea4N TUY\u1ec2N SINH &#8211; H\u01af\u1edaNG NGHI\u1ec6P TR\u1ef0C TUY\u1ebeN C\u00d9NG CHUY\u00caN GIA UEH &#8211; CH\u1ee6 NH\u1eacT 9\/4\/2023 C\u01a1 h\u1ed9i&hellip;<\/div><div class=\"jet-more-wrap\"><a href=\"https:\/\/spf.ueh.edu.vn\/en\/su-kien\/lich-tu-van-tuyen-sinh-huong-nghiep-truc-tuyen-cung-chuyen-gia-ueh-chu-nhat-9-4-2023\/\" class=\"btn btn-primary elementor-button elementor-size-md jet-more\" target=\"\"><span class=\"btn__text\">Chi ti\u1ebft<\/span><\/a><\/div><\/div><\/div>\n<\/div>\n<div class=\"jet-posts__item\">\n\t<div class=\"jet-posts__inner-box\"><div class=\"post-thumbnail\"><a href=\"https:\/\/spf.ueh.edu.vn\/en\/su-kien\/le-tot-nghiep-dai-hoc-ueh-thang-3-nam-2023\/\" class=\"post-thumbnail__link\"><img loading=\"lazy\" decoding=\"async\" class=\"post-thumbnail__img wp-post-image\" src=\"https:\/\/spf.ueh.edu.vn\/en\/wp-content\/uploads\/2023\/03\/Red-and-White-Modern-Geometric-Congratulation-Happy-Graduation-Your-Story-1.png\" alt=\"L\u1ec5 T\u1ed1t nghi\u1ec7p \u0111\u1ea1i h\u1ecdc UEH th\u00e1ng 3 n\u0103m 2023\" loading=\"lazy\" width=\"940\" height=\"788\"><\/a><\/div><div class=\"jet-posts__inner-content\"><h4 class=\"entry-title\"><a href=\"https:\/\/spf.ueh.edu.vn\/en\/su-kien\/le-tot-nghiep-dai-hoc-ueh-thang-3-nam-2023\/\" target=\"\">L\u1ec5 T\u1ed1t nghi\u1ec7p \u0111\u1ea1i h\u1ecdc UEH th\u00e1ng 3 n\u0103m 2023<\/a><\/h4><div class=\"entry-excerpt\">Th\u00f4ng b\u00e1o v\u1ec1 vi\u1ec7c tham d\u1ef1 l\u1ec5 T\u1ed1t nghi\u1ec7p \u0111\u1ea1i h\u1ecdc UEH th\u00e1ng 3 n\u0103m 2023 Ph\u00f2ng \u0110\u00e0o t\u1ea1o th\u00f4ng&hellip;<\/div><div class=\"jet-more-wrap\"><a href=\"https:\/\/spf.ueh.edu.vn\/en\/su-kien\/le-tot-nghiep-dai-hoc-ueh-thang-3-nam-2023\/\" class=\"btn btn-primary elementor-button elementor-size-md jet-more\" target=\"\"><span class=\"btn__text\">Chi ti\u1ebft<\/span><\/a><\/div><\/div><\/div>\n<\/div>\n<div class=\"jet-posts__item\">\n\t<div class=\"jet-posts__inner-box\"><div class=\"post-thumbnail\"><a href=\"https:\/\/spf.ueh.edu.vn\/en\/su-kien\/weekly-academic-advising-with-assoc-prof-markus-taussig\/\" class=\"post-thumbnail__link\"><img loading=\"lazy\" decoding=\"async\" class=\"post-thumbnail__img wp-post-image\" src=\"https:\/\/spf.ueh.edu.vn\/en\/wp-content\/uploads\/2023\/02\/Weekly-academic-advising-800x433-px.png\" alt=\"Weekly Academic Advising with Assoc.Prof. Markus Taussig\" loading=\"lazy\" width=\"800\" height=\"433\"><\/a><\/div><div class=\"jet-posts__inner-content\"><h4 class=\"entry-title\"><a href=\"https:\/\/spf.ueh.edu.vn\/en\/su-kien\/weekly-academic-advising-with-assoc-prof-markus-taussig\/\" target=\"\">Weekly Academic Advising with Assoc.Prof. Markus Taussig<\/a><\/h4><div class=\"entry-excerpt\">The College of Economics, Law and Government would like to respectfully invite lecturers\/ researchers to come and share your experiences&hellip;<\/div><div class=\"jet-more-wrap\"><a href=\"https:\/\/spf.ueh.edu.vn\/en\/su-kien\/weekly-academic-advising-with-assoc-prof-markus-taussig\/\" class=\"btn btn-primary elementor-button elementor-size-md jet-more\" target=\"\"><span class=\"btn__text\">Chi ti\u1ebft<\/span><\/a><\/div><\/div><\/div>\n<\/div>\n<div class=\"jet-posts__item\">\n\t<div class=\"jet-posts__inner-box\"><div class=\"post-thumbnail\"><a href=\"https:\/\/spf.ueh.edu.vn\/en\/su-kien\/tuyen-sinh-dai-hoc-2023-truong-dai-hoc-kinh-te-tp-ho-chi-minh-ueh-khoi-dong-mua-tuyen-sinh-dai-hoc-chinh-quy-nam-2023-voi-nhieu-diem-moi-trao-quyen-cho-nguoi-hoc-2k5-i-am-who-i-choose-t\/\" class=\"post-thumbnail__link\"><img loading=\"lazy\" decoding=\"async\" class=\"post-thumbnail__img wp-post-image\" src=\"https:\/\/spf.ueh.edu.vn\/en\/wp-content\/uploads\/2023\/02\/1499x600-1.png\" alt=\"TUY\u1ec2N SINH \u0110\u1ea0I H\u1eccC 2023: Tr\u01b0\u1eddng \u0110\u1ea1i h\u1ecdc Kinh t\u1ebf TP. H\u1ed3 Ch\u00ed Minh (UEH) kh\u1edfi \u0111\u1ed9ng m\u00f9a tuy\u1ec3n sinh \u0111\u1ea1i h\u1ecdc ch\u00ednh quy n\u0103m 2023 v\u1edbi nhi\u1ec1u \u0111i\u1ec3m m\u1edbi, trao quy\u1ec1n cho ng\u01b0\u1eddi h\u1ecdc 2K5: \u201cI am Who I choose to be\u201d\" loading=\"lazy\" width=\"1499\" height=\"600\"><\/a><\/div><div class=\"jet-posts__inner-content\"><h4 class=\"entry-title\"><a href=\"https:\/\/spf.ueh.edu.vn\/en\/su-kien\/tuyen-sinh-dai-hoc-2023-truong-dai-hoc-kinh-te-tp-ho-chi-minh-ueh-khoi-dong-mua-tuyen-sinh-dai-hoc-chinh-quy-nam-2023-voi-nhieu-diem-moi-trao-quyen-cho-nguoi-hoc-2k5-i-am-who-i-choose-t\/\" target=\"\">TUY\u1ec2N SINH \u0110\u1ea0I H\u1eccC 2023: Tr\u01b0\u1eddng \u0110\u1ea1i h\u1ecdc Kinh t\u1ebf TP. H\u1ed3 Ch\u00ed Minh (UEH) kh\u1edfi \u0111\u1ed9ng m\u00f9a tuy\u1ec3n sinh \u0111\u1ea1i h\u1ecdc ch\u00ednh quy n\u0103m 2023 v\u1edbi nhi\u1ec1u \u0111i\u1ec3m m\u1edbi, trao quy\u1ec1n cho ng\u01b0\u1eddi h\u1ecdc 2K5: \u201cI am Who I choose to be\u201d<\/a><\/h4><div class=\"entry-excerpt\">Ch\u01b0\u01a1ng tr\u00ecnh chu\u1ea9n:\u00a0Ch\u01b0\u01a1ng tr\u00ecnh b\u1eb1ng Ti\u1ebfng Vi\u1ec7t theo ti\u00eau chu\u1ea9n c\u1ee7a ch\u01b0\u01a1ng tr\u00ecnh ti\u00ean ti\u1ebfn ch\u1ea5t l\u01b0\u1ee3ng cao, tr\u00ean n\u1ec1n&hellip;<\/div><div class=\"jet-more-wrap\"><a href=\"https:\/\/spf.ueh.edu.vn\/en\/su-kien\/tuyen-sinh-dai-hoc-2023-truong-dai-hoc-kinh-te-tp-ho-chi-minh-ueh-khoi-dong-mua-tuyen-sinh-dai-hoc-chinh-quy-nam-2023-voi-nhieu-diem-moi-trao-quyen-cho-nguoi-hoc-2k5-i-am-who-i-choose-t\/\" class=\"btn btn-primary elementor-button elementor-size-md jet-more\" target=\"\"><span class=\"btn__text\">Chi ti\u1ebft<\/span><\/a><\/div><\/div><\/div>\n<\/div>\n<\/div>\n<\/div>\t\t\t\t<\/div>\n\t\t\t\t<\/div>\n\t\t\t\t\t<\/div>\n\t\t<\/div>\n\t\t\t\t\t<\/div>\n\t\t<\/section>\n\t\t\t\t<\/div>\n\t\t","protected":false},"excerpt":{"rendered":"<p>S\u1ef0 KI\u1ec6N Th\u01b0 m\u1eddi tham gia h\u1ed9i th\u1ea3o ICBF 2022 H\u1ed9i th\u1ea3o qu\u1ed1c t\u1ebf th\u01b0\u1eddng ni\u00ean\u00a0&#8220;The International Conference on Business and Finance\u201d (ICBF 2022)\u00a0s\u1ebd \u0111\u01b0\u1ee3c t\u1ed5 ch\u1ee9c v\u00e0o ng\u00e0y\u00a025 v\u00e0&hellip;Chi ti\u1ebft The 4th Asia Conference on Business and Economic Studies (ACBES 2022) ORGANIZERS: Journal of Asian Business and Economic Studies (JABES) SPONSORS: University of Economics [&hellip;]<\/p>\n","protected":false},"author":1,"featured_media":0,"parent":0,"menu_order":0,"comment_status":"closed","ping_status":"closed","template":"elementor_header_footer","meta":{"footnotes":""},"class_list":["post-845","page","type-page","status-publish","hentry"],"_links":{"self":[{"href":"https:\/\/spf.ueh.edu.vn\/en\/wp-json\/wp\/v2\/pages\/845","targetHints":{"allow":["GET"]}}],"collection":[{"href":"https:\/\/spf.ueh.edu.vn\/en\/wp-json\/wp\/v2\/pages"}],"about":[{"href":"https:\/\/spf.ueh.edu.vn\/en\/wp-json\/wp\/v2\/types\/page"}],"author":[{"embeddable":true,"href":"https:\/\/spf.ueh.edu.vn\/en\/wp-json\/wp\/v2\/users\/1"}],"replies":[{"embeddable":true,"href":"https:\/\/spf.ueh.edu.vn\/en\/wp-json\/wp\/v2\/comments?post=845"}],"version-history":[{"count":0,"href":"https:\/\/spf.ueh.edu.vn\/en\/wp-json\/wp\/v2\/pages\/845\/revisions"}],"wp:attachment":[{"href":"https:\/\/spf.ueh.edu.vn\/en\/wp-json\/wp\/v2\/media?parent=845"}],"curies":[{"name":"wp","href":"https:\/\/api.w.org\/{rel}","templated":true}]}}