{"id":354,"date":"2022-06-07T23:57:10","date_gmt":"2022-06-07T23:57:10","guid":{"rendered":"https:\/\/spf.ueh.edu.vn\/en\/?page_id=354"},"modified":"2022-12-06T07:45:34","modified_gmt":"2022-12-06T07:45:34","slug":"chuc-nang-nhiem-vu","status":"publish","type":"page","link":"https:\/\/spf.ueh.edu.vn\/en\/chuc-nang-nhiem-vu\/","title":{"rendered":"Ch\u1ee9c n\u0103ng &#8211; Nhi\u1ec7m v\u1ee5"},"content":{"rendered":"\t\t<div data-elementor-type=\"wp-page\" data-elementor-id=\"354\" class=\"elementor elementor-354\" data-elementor-post-type=\"page\">\n\t\t\t\t\t\t<section class=\"elementor-section elementor-top-section elementor-element elementor-element-34bfaaf elementor-section-full_width elementor-section-height-default elementor-section-height-default\" data-id=\"34bfaaf\" data-element_type=\"section\" data-settings=\"{&quot;jet_parallax_layout_list&quot;:[{&quot;jet_parallax_layout_image&quot;:{&quot;url&quot;:&quot;&quot;,&quot;id&quot;:&quot;&quot;,&quot;size&quot;:&quot;&quot;},&quot;_id&quot;:&quot;4755c52&quot;,&quot;jet_parallax_layout_image_tablet&quot;:{&quot;url&quot;:&quot;&quot;,&quot;id&quot;:&quot;&quot;,&quot;size&quot;:&quot;&quot;},&quot;jet_parallax_layout_image_mobile&quot;:{&quot;url&quot;:&quot;&quot;,&quot;id&quot;:&quot;&quot;,&quot;size&quot;:&quot;&quot;},&quot;jet_parallax_layout_speed&quot;:{&quot;unit&quot;:&quot;%&quot;,&quot;size&quot;:50,&quot;sizes&quot;:[]},&quot;jet_parallax_layout_type&quot;:&quot;scroll&quot;,&quot;jet_parallax_layout_direction&quot;:null,&quot;jet_parallax_layout_fx_direction&quot;:null,&quot;jet_parallax_layout_z_index&quot;:&quot;&quot;,&quot;jet_parallax_layout_bg_x&quot;:50,&quot;jet_parallax_layout_bg_x_tablet&quot;:&quot;&quot;,&quot;jet_parallax_layout_bg_x_mobile&quot;:&quot;&quot;,&quot;jet_parallax_layout_bg_y&quot;:50,&quot;jet_parallax_layout_bg_y_tablet&quot;:&quot;&quot;,&quot;jet_parallax_layout_bg_y_mobile&quot;:&quot;&quot;,&quot;jet_parallax_layout_bg_size&quot;:&quot;auto&quot;,&quot;jet_parallax_layout_bg_size_tablet&quot;:&quot;&quot;,&quot;jet_parallax_layout_bg_size_mobile&quot;:&quot;&quot;,&quot;jet_parallax_layout_animation_prop&quot;:&quot;transform&quot;,&quot;jet_parallax_layout_on&quot;:[&quot;desktop&quot;,&quot;tablet&quot;]}]}\">\n\t\t\t\t\t\t<div class=\"elementor-container elementor-column-gap-default\">\n\t\t\t\t\t<div class=\"elementor-column elementor-col-50 elementor-top-column elementor-element elementor-element-a13a276\" data-id=\"a13a276\" data-element_type=\"column\">\n\t\t\t<div class=\"elementor-widget-wrap elementor-element-populated\">\n\t\t\t\t\t\t<div class=\"elementor-element elementor-element-ede244e premium-header-inline elementor-widget elementor-widget-premium-addon-dual-header\" data-id=\"ede244e\" data-element_type=\"widget\" data-widget_type=\"premium-addon-dual-header.default\">\n\t\t\t\t<div class=\"elementor-widget-container\">\n\t\t\t\t\t\r\n\t\t\t\t\t<h2 class=\"premium-dual-header-first-header \"><span class=\"premium-dual-header-first-span\">NH\u1eeeNG HO\u1ea0T \u0110\u1ed8NG CH\u00cdNH C\u1ee6A <\/span><span class=\"premium-dual-header-second-header \">KHOA T\u00c0I CH\u00cdNH C\u00d4NG<\/span><\/h2> \t\t\r\n\t\t\t\t\t\t<\/div>\n\t\t\t\t<\/div>\n\t\t\t\t<div class=\"elementor-element elementor-element-184f7e6 elementor-widget elementor-widget-text-editor\" data-id=\"184f7e6\" data-element_type=\"widget\" data-widget_type=\"text-editor.default\">\n\t\t\t\t<div class=\"elementor-widget-container\">\n\t\t\t\t\t\t\t\t\t<p><strong>Nh\u1eefng ho\u1ea1t \u0111\u1ed9ng ch\u00ednh c\u1ee7a Khoa T\u00e0i Ch\u00ednh c\u00f4ng<\/strong><\/p><ul><li style=\"list-style-type: none;\"><ul><li>\u0110\u00e0o t\u1ea1o b\u1eadc \u0111\u1ea1i h\u1ecdc v\u00e0 sau \u0111\u1ea1i h\u1ecdc v\u1ec1 t\u00e0i ch\u00ednh c\u00f4ng v\u00e0 qu\u1ea3n tr\u1ecb c\u00f4ng;<\/li><li>Th\u1ef1c hi\u1ec7n nghi\u00ean c\u1ee9u khoa h\u1ecdc bao g\u1ed3m c\u1ea3 nghi\u00ean c\u1ee9u khoa h\u1ecdc h\u00e0n l\u00e2m v\u00e0 nghi\u00ean c\u1ee9u \u1ee9ng d\u1ee5ng;<\/li><li>Cung c\u1ea5p c\u00e1c kh\u00f3a \u0111\u00e0o t\u1ea1o ng\u1eafn h\u1ea1n theo nhu c\u1ea7u x\u00e3 h\u1ed9i;<\/li><li>Cung c\u1ea5p d\u1ecbch v\u1ee5 t\u01b0 v\u1ea5n v\u1ec1 qu\u1ea3n l\u00fd khu v\u1ef1c c\u00f4ng v\u00e0 t\u00e0i ch\u00ednh c\u00f4ng, t\u01b0 v\u1ea5n thu\u1ebf\u2026<\/li><li>Ph\u00e1t tri\u1ec3n h\u1ee3p t\u00e1c qu\u1ed1c t\u1ebf trong \u0111\u00e0o t\u1ea1o v\u00e0 nghi\u00ean c\u1ee9u khoa h\u1ecdc;<\/li><li>Ph\u00e1t tri\u1ec3n \u0111\u1ed9i ng\u0169 gi\u1ea3ng vi\u00ean c\u00f3 t\u01b0 c\u00e1ch \u0111\u1ea1o \u0111\u1ee9c t\u1ed1t, c\u00f3 chuy\u00ean m\u00f4n cao v\u00e0 ph\u01b0\u01a1ng ph\u00e1p gi\u1ea3ng d\u1ea1y ti\u00ean ti\u1ebfn.<\/li><\/ul><\/li><\/ul>\t\t\t\t\t\t\t\t<\/div>\n\t\t\t\t<\/div>\n\t\t\t\t\t<\/div>\n\t\t<\/div>\n\t\t\t\t<div class=\"elementor-column elementor-col-50 elementor-top-column elementor-element elementor-element-53b154c\" data-id=\"53b154c\" data-element_type=\"column\">\n\t\t\t<div class=\"elementor-widget-wrap elementor-element-populated\">\n\t\t\t\t\t\t<div class=\"elementor-element elementor-element-d346b7f elementor-nav-menu--dropdown-tablet elementor-nav-menu__text-align-aside elementor-nav-menu--toggle elementor-nav-menu--burger elementor-widget elementor-widget-nav-menu\" data-id=\"d346b7f\" data-element_type=\"widget\" data-settings=\"{&quot;layout&quot;:&quot;vertical&quot;,&quot;submenu_icon&quot;:{&quot;value&quot;:&quot;&lt;i class=\\&quot;fas fa-caret-down\\&quot;&gt;&lt;\\\/i&gt;&quot;,&quot;library&quot;:&quot;fa-solid&quot;},&quot;toggle&quot;:&quot;burger&quot;}\" data-widget_type=\"nav-menu.default\">\n\t\t\t\t<div class=\"elementor-widget-container\">\n\t\t\t\t\t\t\t\t<nav aria-label=\"Menu\" class=\"elementor-nav-menu--main elementor-nav-menu__container elementor-nav-menu--layout-vertical e--pointer-underline e--animation-fade\">\n\t\t\t\t<ul id=\"menu-1-d346b7f\" class=\"elementor-nav-menu sm-vertical\"><li class=\"menu-item menu-item-type-post_type menu-item-object-page menu-item-361\"><a href=\"https:\/\/spf.ueh.edu.vn\/en\/gioi-thieu-chung\/\" class=\"elementor-item\">Gi\u1edbi thi\u1ec7u chung<\/a><\/li>\n<li class=\"menu-item menu-item-type-post_type menu-item-object-page menu-item-360\"><a href=\"https:\/\/spf.ueh.edu.vn\/en\/lich-su-hinh-thanh\/\" class=\"elementor-item\">L\u1ecbch s\u1eed h\u00ecnh th\u00e0nh<\/a><\/li>\n<li class=\"menu-item menu-item-type-post_type menu-item-object-page menu-item-359\"><a href=\"https:\/\/spf.ueh.edu.vn\/en\/chuc-nang-nhiem-vu\/\" class=\"elementor-item\">Ch\u1ee9c n\u0103ng \u2013 Nhi\u1ec7m v\u1ee5<\/a><\/li>\n<li class=\"menu-item menu-item-type-post_type menu-item-object-page menu-item-358\"><a href=\"https:\/\/spf.ueh.edu.vn\/en\/so-do-to-chuc\/\" class=\"elementor-item\">S\u01a1 \u0111\u1ed3 t\u1ed5 ch\u1ee9c<\/a><\/li>\n<\/ul>\t\t\t<\/nav>\n\t\t\t\t\t<div class=\"elementor-menu-toggle\" role=\"button\" tabindex=\"0\" aria-label=\"Menu Toggle\" aria-expanded=\"false\">\n\t\t\t<i aria-hidden=\"true\" role=\"presentation\" class=\"elementor-menu-toggle__icon--open eicon-menu-bar\"><\/i><i aria-hidden=\"true\" role=\"presentation\" class=\"elementor-menu-toggle__icon--close eicon-close\"><\/i>\t\t<\/div>\n\t\t\t\t\t<nav class=\"elementor-nav-menu--dropdown elementor-nav-menu__container\" aria-hidden=\"true\">\n\t\t\t\t<ul id=\"menu-2-d346b7f\" class=\"elementor-nav-menu sm-vertical\"><li class=\"menu-item menu-item-type-post_type menu-item-object-page menu-item-361\"><a href=\"https:\/\/spf.ueh.edu.vn\/en\/gioi-thieu-chung\/\" class=\"elementor-item\" tabindex=\"-1\">Gi\u1edbi thi\u1ec7u chung<\/a><\/li>\n<li class=\"menu-item menu-item-type-post_type menu-item-object-page menu-item-360\"><a href=\"https:\/\/spf.ueh.edu.vn\/en\/lich-su-hinh-thanh\/\" class=\"elementor-item\" tabindex=\"-1\">L\u1ecbch s\u1eed h\u00ecnh th\u00e0nh<\/a><\/li>\n<li class=\"menu-item menu-item-type-post_type menu-item-object-page menu-item-359\"><a href=\"https:\/\/spf.ueh.edu.vn\/en\/chuc-nang-nhiem-vu\/\" class=\"elementor-item\" tabindex=\"-1\">Ch\u1ee9c n\u0103ng \u2013 Nhi\u1ec7m v\u1ee5<\/a><\/li>\n<li class=\"menu-item menu-item-type-post_type menu-item-object-page menu-item-358\"><a href=\"https:\/\/spf.ueh.edu.vn\/en\/so-do-to-chuc\/\" class=\"elementor-item\" tabindex=\"-1\">S\u01a1 \u0111\u1ed3 t\u1ed5 ch\u1ee9c<\/a><\/li>\n<\/ul>\t\t\t<\/nav>\n\t\t\t\t\t\t<\/div>\n\t\t\t\t<\/div>\n\t\t\t\t\t<\/div>\n\t\t<\/div>\n\t\t\t\t\t<\/div>\n\t\t<\/section>\n\t\t\t\t<\/div>\n\t\t","protected":false},"excerpt":{"rendered":"<p>NH\u1eeeNG HO\u1ea0T \u0110\u1ed8NG CH\u00cdNH C\u1ee6A KHOA T\u00c0I CH\u00cdNH C\u00d4NG Nh\u1eefng ho\u1ea1t \u0111\u1ed9ng ch\u00ednh c\u1ee7a Khoa T\u00e0i Ch\u00ednh c\u00f4ng \u0110\u00e0o t\u1ea1o b\u1eadc \u0111\u1ea1i h\u1ecdc v\u00e0 sau \u0111\u1ea1i h\u1ecdc v\u1ec1 t\u00e0i ch\u00ednh c\u00f4ng v\u00e0 qu\u1ea3n tr\u1ecb c\u00f4ng; Th\u1ef1c hi\u1ec7n nghi\u00ean c\u1ee9u khoa h\u1ecdc bao g\u1ed3m c\u1ea3 nghi\u00ean c\u1ee9u khoa h\u1ecdc h\u00e0n l\u00e2m v\u00e0 nghi\u00ean c\u1ee9u \u1ee9ng d\u1ee5ng; [&hellip;]<\/p>\n","protected":false},"author":1,"featured_media":0,"parent":0,"menu_order":0,"comment_status":"closed","ping_status":"closed","template":"elementor_header_footer","meta":{"footnotes":""},"class_list":["post-354","page","type-page","status-publish","hentry"],"_links":{"self":[{"href":"https:\/\/spf.ueh.edu.vn\/en\/wp-json\/wp\/v2\/pages\/354","targetHints":{"allow":["GET"]}}],"collection":[{"href":"https:\/\/spf.ueh.edu.vn\/en\/wp-json\/wp\/v2\/pages"}],"about":[{"href":"https:\/\/spf.ueh.edu.vn\/en\/wp-json\/wp\/v2\/types\/page"}],"author":[{"embeddable":true,"href":"https:\/\/spf.ueh.edu.vn\/en\/wp-json\/wp\/v2\/users\/1"}],"replies":[{"embeddable":true,"href":"https:\/\/spf.ueh.edu.vn\/en\/wp-json\/wp\/v2\/comments?post=354"}],"version-history":[{"count":9,"href":"https:\/\/spf.ueh.edu.vn\/en\/wp-json\/wp\/v2\/pages\/354\/revisions"}],"predecessor-version":[{"id":1177,"href":"https:\/\/spf.ueh.edu.vn\/en\/wp-json\/wp\/v2\/pages\/354\/revisions\/1177"}],"wp:attachment":[{"href":"https:\/\/spf.ueh.edu.vn\/en\/wp-json\/wp\/v2\/media?parent=354"}],"curies":[{"name":"wp","href":"https:\/\/api.w.org\/{rel}","templated":true}]}}