{"id":352,"date":"2022-06-07T23:56:57","date_gmt":"2022-06-07T23:56:57","guid":{"rendered":"https:\/\/spf.ueh.edu.vn\/en\/?page_id=352"},"modified":"2022-12-06T07:44:26","modified_gmt":"2022-12-06T07:44:26","slug":"lich-su-hinh-thanh","status":"publish","type":"page","link":"https:\/\/spf.ueh.edu.vn\/en\/lich-su-hinh-thanh\/","title":{"rendered":"L\u1ecbch s\u1eed h\u00ecnh th\u00e0nh"},"content":{"rendered":"\t\t<div data-elementor-type=\"wp-page\" data-elementor-id=\"352\" class=\"elementor elementor-352\" data-elementor-post-type=\"page\">\n\t\t\t\t\t\t<section class=\"elementor-section elementor-top-section elementor-element elementor-element-a2aae95 elementor-section-full_width elementor-section-height-default elementor-section-height-default\" data-id=\"a2aae95\" data-element_type=\"section\" data-settings=\"{&quot;jet_parallax_layout_list&quot;:[]}\">\n\t\t\t\t\t\t<div class=\"elementor-container elementor-column-gap-default\">\n\t\t\t\t\t<div class=\"elementor-column elementor-col-50 elementor-top-column elementor-element elementor-element-e6be19b\" data-id=\"e6be19b\" data-element_type=\"column\">\n\t\t\t<div class=\"elementor-widget-wrap elementor-element-populated\">\n\t\t\t\t\t\t<div class=\"elementor-element elementor-element-2018f2c premium-header-inline elementor-widget elementor-widget-premium-addon-dual-header\" data-id=\"2018f2c\" data-element_type=\"widget\" data-widget_type=\"premium-addon-dual-header.default\">\n\t\t\t\t<div class=\"elementor-widget-container\">\n\t\t\t\t\t\r\n\t\t\t\t\t<h2 class=\"premium-dual-header-first-header \"><span class=\"premium-dual-header-first-span\">L\u1ecaCH S\u1eec <\/span><span class=\"premium-dual-header-second-header \">H\u00ccNH TH\u00c0NH<\/span><\/h2> \t\t\r\n\t\t\t\t\t\t<\/div>\n\t\t\t\t<\/div>\n\t\t\t\t<div class=\"elementor-element elementor-element-e4f8864 elementor-widget elementor-widget-text-editor\" data-id=\"e4f8864\" data-element_type=\"widget\" data-widget_type=\"text-editor.default\">\n\t\t\t\t<div class=\"elementor-widget-container\">\n\t\t\t\t\t\t\t\t\t<ul><li><p>Khoa T\u00e0i Ch\u00ednh C\u00f4ng tr\u1ef1c thu\u1ed9c Tr\u01b0\u1eddng \u0110\u1ea1i H\u1ecdc Kinh t\u1ebf Tp.HCM \u0111\u01b0\u1ee3c th\u00e0nh l\u1eadp n\u0103m 1976. \u0110\u00e2y l\u00e0 \u0111\u01a1n v\u1ecb duy nh\u1ea5t chuy\u00ean \u0111\u00e0o t\u1ea1o v\u1ec1 t\u00e0i ch\u00ednh c\u00f4ng v\u00e0 qu\u1ea3n tr\u1ecb c\u00f4ng \u1edf ph\u00eda Nam, Vi\u1ec7t Nam. B\u00ean c\u1ea1nh \u0111\u00e0o t\u1ea1o b\u1eadc \u0111\u1ea1i h\u1ecdc v\u00e0 sau \u0111\u1ea1i h\u1ecdc v\u1ec1 t\u00e0i ch\u00ednh c\u00f4ng v\u00e0 qu\u1ea3n tr\u1ecb c\u00f4ng, khoa T\u00e0i ch\u00ednh c\u00f4ng c\u00f2n \u0111\u01b0\u1ee3c ph\u00e9p cung c\u1ea5p c\u00e1c kh\u00f3a \u0111\u00e0o t\u1ea1o ng\u1eafn h\u1ea1n \u0111\u1ec3 n\u00e2ng cao n\u0103ng l\u1ef1c qu\u1ea3n l\u00fd v\u00e0 k\u1ef9 n\u0103ng ngh\u1ec1 nghi\u1ec7p cho c\u00e1c c\u00e1 nh\u00e2n v\u00e0 t\u1ed5 ch\u1ee9c ho\u1ea1t \u0111\u1ed9ng trong c\u1ea3 khu v\u1ef1c c\u00f4ng v\u00e0 khu v\u1ef1c t\u01b0.<strong>\u00a0<\/strong>\u0110\u1ed9i ng\u0169 gi\u1ea3ng vi\u00ean c\u1ee7a khoa g\u1ed3m c\u00f3 20 gi\u1ea3ng vi\u00ean. Trong \u0111\u00f3 c\u00f3 2 gi\u00e1o s\u01b0, 5 ph\u00f3 gi\u00e1o s\u01b0, 8 ti\u1ebfn s\u1ef9 v\u00e0 5 th\u1ea1c s\u1ef9 t\u1ed1t nghi\u1ec7p t\u1eeb c\u00e1c tr\u01b0\u1eddng \u0111\u1ea1i h\u1ecdc Vi\u1ec7t Nam v\u00e0 n\u01b0\u1edbc ngo\u00e0i. \u0110\u1ed9i ng\u0169 gi\u1ea3ng vi\u00ean c\u00f3 kinh nghi\u1ec7m gi\u1ea3ng d\u1ea1y v\u00e0 c\u00f3 nh\u1eefng ng\u01b0\u1eddi t\u1eebng l\u00e0 chuy\u00ean gia t\u01b0 v\u1ea5n cho c\u00e1c d\u1ef1 \u00e1n c\u1ee7a UNDP trong l\u0129nh v\u1ef1c c\u1ea3i c\u00e1ch t\u00e0i ch\u00ednh v\u00e0 h\u00e0nh ch\u00ednh c\u00f4ng.\u00a0\u00a0\u00a0\u00a0<\/p><\/li><li><p>Trong qu\u00e1 tr\u00ecnh ho\u1ea1t \u0111\u1ed9ng, khoa T\u00e0i ch\u00ednh c\u00f4ng kh\u00f4ng ng\u1eebng \u0111\u1ed5i m\u1edbi ch\u01b0\u01a1ng tr\u00ecnh \u0111\u00e0o t\u1ea1o cho c\u1ea3 b\u1eadc \u0111\u1ea1i h\u1ecdc v\u00e0 sau \u0111\u1ea1i h\u1ecdc. Nh\u1eefng kh\u00f3a h\u1ecdc m\u1edbi th\u01b0\u1eddng xuy\u00ean \u0111\u01b0\u1ee3c ph\u00e1t tri\u1ec3n tr\u00ean c\u01a1 s\u1edf c\u1eadp nh\u1eadt nh\u1eefng k\u1ebft qu\u1ea3 nghi\u00ean c\u1ee9u v\u00e0 nh\u1eefng t\u00ecnh hu\u1ed1ng th\u1ef1c ti\u1ec5n m\u1edbi nh\u1ea5t v\u00e0o trong ch\u01b0\u01a1ng tr\u00ecnh \u0111\u00e0o t\u1ea1o. Nh\u1eefng \u0111\u1ed5i m\u1edbi g\u1ea7n \u0111\u00e2y bao g\u1ed3m c\u1ea3 nh\u1eefng kh\u00f3a h\u1ecdc v\u1ec1 qu\u1ea3n tr\u1ecb c\u00f4ng v\u00e0 ph\u00e1t tri\u1ec3n b\u1ec1n v\u1eefng, t\u00e0i ch\u00ednh ch\u00ednh quy\u1ec1n \u0111\u1ecba ph\u01b0\u01a1ng, qu\u1ea3n l\u00fd ng\u00e2n s\u00e1ch \u0111\u00f4 th\u1ecb, qu\u1ea3n l\u00fd th\u1ef1c hi\u1ec7n, qu\u1ea3n l\u00fd l\u1ee3i \u00edch chi ph\u00ed c\u00f4ng, qu\u1ea3n l\u00fd d\u1ef1a tr\u00ean \u0111\u1ea7u ra v\u00e0 khu\u00f4n kh\u1ed5 chi ti\u00eau trung h\u1ea1n (MTEF).<\/p><\/li><\/ul>\t\t\t\t\t\t\t\t<\/div>\n\t\t\t\t<\/div>\n\t\t\t\t\t<\/div>\n\t\t<\/div>\n\t\t\t\t<div class=\"elementor-column elementor-col-50 elementor-top-column elementor-element elementor-element-4d37591\" data-id=\"4d37591\" data-element_type=\"column\">\n\t\t\t<div class=\"elementor-widget-wrap elementor-element-populated\">\n\t\t\t\t\t\t<div class=\"elementor-element elementor-element-400809d elementor-nav-menu--dropdown-tablet elementor-nav-menu__text-align-aside elementor-nav-menu--toggle elementor-nav-menu--burger elementor-widget elementor-widget-nav-menu\" data-id=\"400809d\" data-element_type=\"widget\" data-settings=\"{&quot;layout&quot;:&quot;vertical&quot;,&quot;submenu_icon&quot;:{&quot;value&quot;:&quot;&lt;i class=\\&quot;fas fa-caret-down\\&quot;&gt;&lt;\\\/i&gt;&quot;,&quot;library&quot;:&quot;fa-solid&quot;},&quot;toggle&quot;:&quot;burger&quot;}\" data-widget_type=\"nav-menu.default\">\n\t\t\t\t<div class=\"elementor-widget-container\">\n\t\t\t\t\t\t\t\t<nav aria-label=\"Menu\" class=\"elementor-nav-menu--main elementor-nav-menu__container elementor-nav-menu--layout-vertical e--pointer-underline e--animation-fade\">\n\t\t\t\t<ul id=\"menu-1-400809d\" class=\"elementor-nav-menu sm-vertical\"><li class=\"menu-item menu-item-type-post_type menu-item-object-page menu-item-361\"><a href=\"https:\/\/spf.ueh.edu.vn\/en\/gioi-thieu-chung\/\" class=\"elementor-item\">Gi\u1edbi thi\u1ec7u chung<\/a><\/li>\n<li class=\"menu-item menu-item-type-post_type menu-item-object-page menu-item-360\"><a href=\"https:\/\/spf.ueh.edu.vn\/en\/lich-su-hinh-thanh\/\" class=\"elementor-item\">L\u1ecbch s\u1eed h\u00ecnh th\u00e0nh<\/a><\/li>\n<li class=\"menu-item menu-item-type-post_type menu-item-object-page menu-item-359\"><a href=\"https:\/\/spf.ueh.edu.vn\/en\/chuc-nang-nhiem-vu\/\" class=\"elementor-item\">Ch\u1ee9c n\u0103ng \u2013 Nhi\u1ec7m v\u1ee5<\/a><\/li>\n<li class=\"menu-item menu-item-type-post_type menu-item-object-page menu-item-358\"><a href=\"https:\/\/spf.ueh.edu.vn\/en\/so-do-to-chuc\/\" class=\"elementor-item\">S\u01a1 \u0111\u1ed3 t\u1ed5 ch\u1ee9c<\/a><\/li>\n<\/ul>\t\t\t<\/nav>\n\t\t\t\t\t<div class=\"elementor-menu-toggle\" role=\"button\" tabindex=\"0\" aria-label=\"Menu Toggle\" aria-expanded=\"false\">\n\t\t\t<i aria-hidden=\"true\" role=\"presentation\" class=\"elementor-menu-toggle__icon--open eicon-menu-bar\"><\/i><i aria-hidden=\"true\" role=\"presentation\" class=\"elementor-menu-toggle__icon--close eicon-close\"><\/i>\t\t<\/div>\n\t\t\t\t\t<nav class=\"elementor-nav-menu--dropdown elementor-nav-menu__container\" aria-hidden=\"true\">\n\t\t\t\t<ul id=\"menu-2-400809d\" class=\"elementor-nav-menu sm-vertical\"><li class=\"menu-item menu-item-type-post_type menu-item-object-page menu-item-361\"><a href=\"https:\/\/spf.ueh.edu.vn\/en\/gioi-thieu-chung\/\" class=\"elementor-item\" tabindex=\"-1\">Gi\u1edbi thi\u1ec7u chung<\/a><\/li>\n<li class=\"menu-item menu-item-type-post_type menu-item-object-page menu-item-360\"><a href=\"https:\/\/spf.ueh.edu.vn\/en\/lich-su-hinh-thanh\/\" class=\"elementor-item\" tabindex=\"-1\">L\u1ecbch s\u1eed h\u00ecnh th\u00e0nh<\/a><\/li>\n<li class=\"menu-item menu-item-type-post_type menu-item-object-page menu-item-359\"><a href=\"https:\/\/spf.ueh.edu.vn\/en\/chuc-nang-nhiem-vu\/\" class=\"elementor-item\" tabindex=\"-1\">Ch\u1ee9c n\u0103ng \u2013 Nhi\u1ec7m v\u1ee5<\/a><\/li>\n<li class=\"menu-item menu-item-type-post_type menu-item-object-page menu-item-358\"><a href=\"https:\/\/spf.ueh.edu.vn\/en\/so-do-to-chuc\/\" class=\"elementor-item\" tabindex=\"-1\">S\u01a1 \u0111\u1ed3 t\u1ed5 ch\u1ee9c<\/a><\/li>\n<\/ul>\t\t\t<\/nav>\n\t\t\t\t\t\t<\/div>\n\t\t\t\t<\/div>\n\t\t\t\t\t<\/div>\n\t\t<\/div>\n\t\t\t\t\t<\/div>\n\t\t<\/section>\n\t\t\t\t<\/div>\n\t\t","protected":false},"excerpt":{"rendered":"<p>L\u1ecaCH S\u1eec H\u00ccNH TH\u00c0NH Khoa T\u00e0i Ch\u00ednh C\u00f4ng tr\u1ef1c thu\u1ed9c Tr\u01b0\u1eddng \u0110\u1ea1i H\u1ecdc Kinh t\u1ebf Tp.HCM \u0111\u01b0\u1ee3c th\u00e0nh l\u1eadp n\u0103m 1976. \u0110\u00e2y l\u00e0 \u0111\u01a1n v\u1ecb duy nh\u1ea5t chuy\u00ean \u0111\u00e0o t\u1ea1o v\u1ec1 t\u00e0i ch\u00ednh c\u00f4ng v\u00e0 qu\u1ea3n tr\u1ecb c\u00f4ng \u1edf ph\u00eda Nam, Vi\u1ec7t Nam. B\u00ean c\u1ea1nh \u0111\u00e0o t\u1ea1o b\u1eadc \u0111\u1ea1i h\u1ecdc v\u00e0 sau \u0111\u1ea1i h\u1ecdc v\u1ec1 [&hellip;]<\/p>\n","protected":false},"author":1,"featured_media":0,"parent":0,"menu_order":0,"comment_status":"closed","ping_status":"closed","template":"elementor_header_footer","meta":{"footnotes":""},"class_list":["post-352","page","type-page","status-publish","hentry"],"_links":{"self":[{"href":"https:\/\/spf.ueh.edu.vn\/en\/wp-json\/wp\/v2\/pages\/352","targetHints":{"allow":["GET"]}}],"collection":[{"href":"https:\/\/spf.ueh.edu.vn\/en\/wp-json\/wp\/v2\/pages"}],"about":[{"href":"https:\/\/spf.ueh.edu.vn\/en\/wp-json\/wp\/v2\/types\/page"}],"author":[{"embeddable":true,"href":"https:\/\/spf.ueh.edu.vn\/en\/wp-json\/wp\/v2\/users\/1"}],"replies":[{"embeddable":true,"href":"https:\/\/spf.ueh.edu.vn\/en\/wp-json\/wp\/v2\/comments?post=352"}],"version-history":[{"count":9,"href":"https:\/\/spf.ueh.edu.vn\/en\/wp-json\/wp\/v2\/pages\/352\/revisions"}],"predecessor-version":[{"id":1174,"href":"https:\/\/spf.ueh.edu.vn\/en\/wp-json\/wp\/v2\/pages\/352\/revisions\/1174"}],"wp:attachment":[{"href":"https:\/\/spf.ueh.edu.vn\/en\/wp-json\/wp\/v2\/media?parent=352"}],"curies":[{"name":"wp","href":"https:\/\/api.w.org\/{rel}","templated":true}]}}