{"id":343,"date":"2022-06-07T23:08:08","date_gmt":"2022-06-07T23:08:08","guid":{"rendered":"https:\/\/spf.ueh.edu.vn\/en\/?page_id=343"},"modified":"2024-04-08T06:41:35","modified_gmt":"2024-04-08T06:41:35","slug":"gioi-thieu-chung","status":"publish","type":"page","link":"https:\/\/spf.ueh.edu.vn\/en\/gioi-thieu-chung\/","title":{"rendered":"Gi\u1edbi thi\u1ec7u chung"},"content":{"rendered":"\t\t<div data-elementor-type=\"wp-page\" data-elementor-id=\"343\" class=\"elementor elementor-343\" data-elementor-post-type=\"page\">\n\t\t\t\t\t\t<section class=\"elementor-section elementor-top-section elementor-element elementor-element-1833339 elementor-section-full_width elementor-section-height-default elementor-section-height-default\" data-id=\"1833339\" data-element_type=\"section\" data-settings=\"{&quot;jet_parallax_layout_list&quot;:[]}\">\n\t\t\t\t\t\t<div class=\"elementor-container elementor-column-gap-default\">\n\t\t\t\t\t<div class=\"elementor-column elementor-col-50 elementor-top-column elementor-element elementor-element-42a62b88\" data-id=\"42a62b88\" data-element_type=\"column\">\n\t\t\t<div class=\"elementor-widget-wrap elementor-element-populated\">\n\t\t\t\t\t\t<div class=\"elementor-element elementor-element-5e081e4 premium-header-inline elementor-widget elementor-widget-premium-addon-dual-header\" data-id=\"5e081e4\" data-element_type=\"widget\" data-widget_type=\"premium-addon-dual-header.default\">\n\t\t\t\t<div class=\"elementor-widget-container\">\n\t\t\t\t\t\r\n\t\t\t\t\t<h2 class=\"premium-dual-header-first-header \"><span class=\"premium-dual-header-first-span\">GI\u1edaI THI\u1ec6U <\/span><span class=\"premium-dual-header-second-header \">KHOA T\u00c0I CH\u00cdNH C\u00d4NG<\/span><\/h2> \t\t\r\n\t\t\t\t\t\t<\/div>\n\t\t\t\t<\/div>\n\t\t\t\t<div class=\"elementor-element elementor-element-3786641f elementor-widget elementor-widget-text-editor\" data-id=\"3786641f\" data-element_type=\"widget\" data-widget_type=\"text-editor.default\">\n\t\t\t\t<div class=\"elementor-widget-container\">\n\t\t\t\t\t\t\t\t\t<h4><strong>Th\u00f4ng tin t\u1ed5ng qu\u00e1t Khoa \u0111\u00e0o t\u1ea1o\u00a0<\/strong><\/h4><p>Khoa T\u00e0i Ch\u00ednh C\u00f4ng tr\u1ef1c thu\u1ed9c \u0110\u1ea1i H\u1ecdc Kinh t\u1ebf Th\u00e0nh ph\u1ed1 H\u1ed3 Ch\u00ed Minh \u0111\u01b0\u1ee3c th\u00e0nh l\u1eadp n\u0103m 1976. \u0110\u00e2y l\u00e0 \u0111\u01a1n v\u1ecb duy nh\u1ea5t chuy\u00ean \u0111\u00e0o t\u1ea1o v\u1ec1 t\u00e0i ch\u00ednh c\u00f4ng v\u00e0 qu\u1ea3n tr\u1ecb c\u00f4ng \u1edf ph\u00eda Nam, Vi\u1ec7t Nam. B\u00ean c\u1ea1nh \u0111\u00e0o t\u1ea1o b\u1eadc \u0111\u1ea1i h\u1ecdc v\u00e0 sau \u0111\u1ea1i h\u1ecdc v\u1ec1 t\u00e0i ch\u00ednh c\u00f4ng v\u00e0 qu\u1ea3n tr\u1ecb c\u00f4ng, khoa T\u00e0i ch\u00ednh c\u00f4ng c\u00f2n \u0111\u01b0\u1ee3c ph\u00e9p cung c\u1ea5p c\u00e1c kh\u00f3a \u0111\u00e0o t\u1ea1o ng\u1eafn h\u1ea1n \u0111\u1ec3 n\u00e2ng cao n\u0103ng l\u1ef1c qu\u1ea3n l\u00fd v\u00e0 k\u1ef9 n\u0103ng ngh\u1ec1 nghi\u1ec7p cho c\u00e1c c\u00e1 nh\u00e2n v\u00e0 t\u1ed5 ch\u1ee9c ho\u1ea1t \u0111\u1ed9ng trong c\u1ea3 khu v\u1ef1c c\u00f4ng v\u00e0 khu v\u1ef1c t\u01b0.<strong>\u00a0<\/strong>\u0110\u1ed9i ng\u0169 gi\u1ea3ng vi\u00ean c\u1ee7a khoa g\u1ed3m c\u00f3 20 gi\u1ea3ng vi\u00ean. Trong \u0111\u00f3 c\u00f3 2 gi\u00e1o s\u01b0, 5 ph\u00f3 gi\u00e1o s\u01b0, 8 ti\u1ebfn s\u1ef9 v\u00e0 1 th\u1ea1c s\u1ef9 t\u1ed1t nghi\u1ec7p t\u1eeb c\u00e1c tr\u01b0\u1eddng \u0111\u1ea1i h\u1ecdc Vi\u1ec7t Nam v\u00e0 n\u01b0\u1edbc ngo\u00e0i. \u0110\u1ed9i ng\u0169 gi\u1ea3ng vi\u00ean c\u00f3 kinh nghi\u1ec7m gi\u1ea3ng d\u1ea1y v\u00e0 c\u00f3 nh\u1eefng ng\u01b0\u1eddi t\u1eebng l\u00e0 chuy\u00ean gia t\u01b0 v\u1ea5n cho c\u00e1c d\u1ef1 \u00e1n c\u1ee7a UNDP trong l\u0129nh v\u1ef1c c\u1ea3i c\u00e1ch t\u00e0i ch\u00ednh v\u00e0 h\u00e0nh ch\u00ednh c\u00f4ng.\u00a0\u00a0\u00a0\u00a0<\/p><p>Trong qu\u00e1 tr\u00ecnh ho\u1ea1t \u0111\u1ed9ng, khoa T\u00e0i ch\u00ednh c\u00f4ng kh\u00f4ng ng\u1eebng \u0111\u1ed5i m\u1edbi ch\u01b0\u01a1ng tr\u00ecnh \u0111\u00e0o t\u1ea1o cho c\u1ea3 b\u1eadc \u0111\u1ea1i h\u1ecdc v\u00e0 sau \u0111\u1ea1i h\u1ecdc. Nh\u1eefng kh\u00f3a h\u1ecdc m\u1edbi th\u01b0\u1eddng xuy\u00ean \u0111\u01b0\u1ee3c ph\u00e1t tri\u1ec3n tr\u00ean c\u01a1 s\u1edf c\u1eadp nh\u1eadt nh\u1eefng k\u1ebft qu\u1ea3 nghi\u00ean c\u1ee9u v\u00e0 nh\u1eefng t\u00ecnh hu\u1ed1ng th\u1ef1c ti\u1ec5n m\u1edbi nh\u1ea5t v\u00e0o trong ch\u01b0\u01a1ng tr\u00ecnh \u0111\u00e0o t\u1ea1o. Nh\u1eefng \u0111\u1ed5i m\u1edbi g\u1ea7n \u0111\u00e2y bao g\u1ed3m c\u1ea3 nh\u1eefng kh\u00f3a h\u1ecdc v\u1ec1 qu\u1ea3n tr\u1ecb c\u00f4ng v\u00e0 ph\u00e1t tri\u1ec3n b\u1ec1n v\u1eefng, t\u00e0i ch\u00ednh ch\u00ednh quy\u1ec1n \u0111\u1ecba ph\u01b0\u01a1ng, qu\u1ea3n l\u00fd ng\u00e2n s\u00e1ch \u0111\u00f4 th\u1ecb, qu\u1ea3n l\u00fd th\u1ef1c hi\u1ec7n, qu\u1ea3n l\u00fd l\u1ee3i \u00edch chi ph\u00ed c\u00f4ng, qu\u1ea3n l\u00fd d\u1ef1a tr\u00ean \u0111\u1ea7u ra v\u00e0 khu\u00f4n kh\u1ed5 chi ti\u00eau trung h\u1ea1n (MTEF).<\/p><p><strong>Nh\u1eefng ho\u1ea1t \u0111\u1ed9ng ch\u00ednh c\u1ee7a Khoa T\u00e0i Ch\u00ednh c\u00f4ng<\/strong><\/p><ul><li>\u0110\u00e0o t\u1ea1o b\u1eadc \u0111\u1ea1i h\u1ecdc v\u00e0 sau \u0111\u1ea1i h\u1ecdc v\u1ec1 t\u00e0i ch\u00ednh c\u00f4ng v\u00e0 qu\u1ea3n tr\u1ecb c\u00f4ng;<\/li><li>Th\u1ef1c hi\u1ec7n nghi\u00ean c\u1ee9u khoa h\u1ecdc bao g\u1ed3m c\u1ea3 nghi\u00ean c\u1ee9u khoa h\u1ecdc h\u00e0n l\u00e2m v\u00e0 nghi\u00ean c\u1ee9u \u1ee9ng d\u1ee5ng;<\/li><li>Cung c\u1ea5p c\u00e1c kh\u00f3a \u0111\u00e0o t\u1ea1o ng\u1eafn h\u1ea1n theo nhu c\u1ea7u x\u00e3 h\u1ed9i;<\/li><li>Cung c\u1ea5p d\u1ecbch v\u1ee5 t\u01b0 v\u1ea5n v\u1ec1 qu\u1ea3n l\u00fd khu v\u1ef1c c\u00f4ng v\u00e0 t\u00e0i ch\u00ednh c\u00f4ng, t\u01b0 v\u1ea5n thu\u1ebf\u2026<\/li><li>Ph\u00e1t tri\u1ec3n h\u1ee3p t\u00e1c qu\u1ed1c t\u1ebf trong \u0111\u00e0o t\u1ea1o v\u00e0 nghi\u00ean c\u1ee9u khoa h\u1ecdc;<\/li><li>Ph\u00e1t tri\u1ec3n \u0111\u1ed9i ng\u0169 gi\u1ea3ng vi\u00ean c\u00f3 t\u01b0 c\u00e1ch \u0111\u1ea1o \u0111\u1ee9c t\u1ed1t, c\u00f3 chuy\u00ean m\u00f4n cao v\u00e0 ph\u01b0\u01a1ng ph\u00e1p gi\u1ea3ng d\u1ea1y ti\u00ean ti\u1ebfn.<\/li><\/ul><p><strong>K\u1ebf ho\u1ea1ch ph\u00e1t tri\u1ec3n ngu\u1ed3n nh\u00e2n l\u1ef1c:<\/strong><\/p><ul><li>Th\u01b0\u1eddng xuy\u00ean c\u1eadp nh\u1eadt nh\u1eefng ki\u1ebfn th\u1ee9c th\u1ef1c ti\u1ec5n cho \u0111\u1ed9i ng\u0169 gi\u1ea3ng vi\u00ean;<\/li><li>C\u1ea3i thi\u1ec7n kh\u1ea3 n\u0103ng gi\u1ea3ng d\u1ea1y b\u1eb1ng ti\u1ebfng Anh cho gi\u1ea3ng vi\u00ean;<\/li><li>N\u00e2ng cao tr\u00ecnh \u0111\u1ed9 chuy\u00ean m\u00f4n v\u00e0 kh\u1ea3 n\u0103ng nghi\u00ean c\u1ee9u khoa h\u1ecdc cho \u0111\u1ed9i ng\u0169 gi\u1ea3ng vi\u00ean;<\/li><li>Ho\u00e0n thi\u1ec7n ch\u01b0\u01a1ng tr\u00ecnh \u0111\u00e0o t\u1ea1o tr\u00ean c\u01a1 s\u1edf tham kh\u1ea3o ch\u01b0\u01a1ng tr\u00ecnh t\u1eeb c\u00e1c tr\u01b0\u1eddng \u0111\u1ea1i h\u1ecdc h\u00e0ng \u0111\u1ea7u th\u1ebf gi\u1edbi v\u00e0 c\u1eadp nh\u1eadt c\u00e1c t\u00ecnh hu\u1ed1ng th\u1ef1c ti\u1ec5n c\u1ee7a Vi\u1ec7t Nam.<\/li><\/ul><p>V\u1edbi nh\u1eefng th\u1ef1c t\u1ebf tr\u00ean, Khoa T\u00e0i ch\u00ednh c\u00f4ng thu\u1ed9c \u0110\u1ea1i H\u1ecdc Kinh t\u1ebf Th\u00e0nh ph\u1ed1 H\u1ed3 Ch\u00ed Minh\u00a0h\u1ed9i \u0111\u1ee7 nh\u1eefng ph\u1ea9m ch\u1ea5t chuy\u00ean m\u00f4n \u0111\u1ec3 chia s\u1ebb s\u1ef1 hi\u1ec3u bi\u1ebft t\u1ed1t nh\u1ea5t v\u1ec1 m\u1ed1i quan h\u1ec7 gi\u1eefa ph\u00e1t tri\u1ec3n ngu\u1ed3n nh\u00e2n l\u1ef1c v\u00e0 s\u1ef1 th\u1ef1c hi\u1ec7n c\u1ee7a c\u00e1c \u0111\u01a1n v\u1ecb khu v\u1ef1c c\u00f4ng m\u1ed9t c\u00e1ch hi\u1ec7u qu\u1ea3; Khoa c\u0169ng s\u1eb5n s\u00e0ng cung c\u1ea5p nh\u1eefng h\u1ed7 tr\u1ee3, d\u1ecbch v\u1ee5 t\u01b0 v\u1ea5n v\u00e0 c\u00e1c kh\u00f3a hu\u1ea5n luy\u1ec7n cho c\u00e1c \u0111\u1ecbnh ch\u1ebf v\u00e0 t\u1ed5 ch\u1ee9c khu v\u1ef1c c\u00f4ng \u0111ang mu\u1ed1n ph\u00e1t tri\u1ec3n v\u00e0 c\u1ea3i thi\u1ec7n ngu\u1ed3n nh\u00e2n l\u1ef1c c\u1ee7a h\u1ecd. \u0110\u1eb7c bi\u1ec7t, khoa s\u1eb5n s\u00e0ng h\u1ee3p t\u00e1c v\u1edbi c\u00e1c tr\u01b0\u1eddng \u0111\u1ea1i h\u1ecdc v\u00e0 vi\u1ec7n nghi\u00ean c\u1ee9u tr\u00ean th\u1ebf gi\u1edbi trong ho\u1ea1t \u0111\u1ed9ng \u0111\u00e0o t\u1ea1o v\u00e0 nghi\u00ean c\u1ee9u khoa h\u1ecdc v\u1edbi nguy\u00ean t\u1eafc c\u1ea3 2 c\u00f9ng ph\u00e1t tri\u1ec3n.<\/p><h4><strong style=\"background-color: transparent; color: var( --e-global-color-text ); font-family: var( --e-global-typography-text-font-family ), Sans-serif;\">Th\u00f4ng tin v\u1ec1 m\u1ee5c ti\u00eau, s\u1ee9 m\u1ec7nh, t\u1ea7m nh\u00ecn c\u1ee7a Khoa \u0111\u00e0o t\u1ea1o<\/strong><span style=\"background-color: transparent; color: var( --e-global-color-text ); font-family: var( --e-global-typography-text-font-family ), Sans-serif; font-weight: var( --e-global-typography-text-font-weight );\">\u00a0<\/span><\/h4><p><strong>T\u1ea7m nh\u00ecn<\/strong><\/p><p>\u00a0\u0110\u1ebfn n\u0103m 2025, Khoa T\u00e0i ch\u00ednh c\u00f4ng tr\u1edf th\u00e0nh:<\/p><ul><li>\u0110\u01a1n v\u1ecb \u0111\u00e0o t\u1ea1o c\u00f3 uy t\u00edn cao \u1edf khu v\u1ef1c Asean v\u1ec1 t\u00e0i ch\u00ednh c\u00f4ng, qu\u1ea3n l\u00fd thu\u1ebf, thu\u1ebf trong kinh doanh, qu\u1ea3n tr\u1ecb h\u1ea3i quan \u2013 ngo\u1ea1i th\u01b0\u01a1ng; \u0111\u01b0\u1ee3c c\u00e1c nh\u00e0 tuy\u1ec3n d\u1ee5ng nh\u1eadn bi\u1ebft v\u00e0 \u0111\u00e1nh gi\u00e1 t\u00edch c\u1ef1c.<\/li><\/ul><ul><li>\u0110\u01a1n v\u1ecb nghi\u00ean c\u1ee9u \u0111\u01b0\u1ee3c bi\u1ebft \u0111\u1ebfn b\u1edfi c\u00e1c t\u1ea1p ch\u00ed qu\u1ed1c t\u1ebf uy t\u00edn (scopus tr\u1edf l\u00ean).<\/li><\/ul><div>\u00a0<\/div><p><strong>S\u1ee9 m\u1ea1ng<\/strong><\/p><ul><li>X\u00e2y d\u1ef1ng \u0111\u1ed9i ng\u0169 gi\u1ea3ng vi\u00ean c\u00e1n b\u1ed9 vi\u00ean ch\u1ee9c c\u00f3 tr\u00ecnh \u0111\u1ed9 chuy\u00ean m\u00f4n cao, c\u00f3 kh\u1ea3 n\u0103ng nghi\u00ean c\u1ee9u t\u1ed1t.<\/li><li>X\u00e2y d\u1ef1ng v\u00e0 ph\u00e1t tri\u1ec3n c\u00e1c ch\u01b0\u01a1ng tr\u00ecnh \u0111\u00e0o t\u1ea1o b\u1eaft k\u1ecbp ti\u00eau chu\u1ea9n c\u1ee7a c\u00e1c tr\u01b0\u1eddng \u0111\u1ea1i h\u1ecdc h\u00e0ng \u0111\u1ea7u th\u1ebf gi\u1edbi v\u00e0 \u0111\u00e1p \u1ee9ng t\u1ed1t nh\u1ea5t nhu c\u1ea7u x\u00e3 h\u1ed9i.<\/li><li>\u0110\u00e0o t\u1ea1o ngu\u1ed3n nh\u00e2n l\u1ef1c ch\u1ea5t l\u01b0\u1ee3ng cao trong l\u0129nh v\u1ef1c t\u00e0i ch\u00ednh c\u00f4ng v\u00e0 qu\u1ea3n tr\u1ecb c\u00f4ng, \u0111\u1ee7 n\u0103ng l\u1ef1c tham gia qu\u00e1 tr\u00ecnh h\u1ed9i nh\u1eadp chuy\u1ec3n giao to\u00e0n c\u1ea7u.<\/li><\/ul>\t\t\t\t\t\t\t\t<\/div>\n\t\t\t\t<\/div>\n\t\t\t\t\t<\/div>\n\t\t<\/div>\n\t\t\t\t<div class=\"elementor-column elementor-col-50 elementor-top-column elementor-element elementor-element-5232cc3\" data-id=\"5232cc3\" data-element_type=\"column\">\n\t\t\t<div class=\"elementor-widget-wrap elementor-element-populated\">\n\t\t\t\t\t\t<div class=\"elementor-element elementor-element-937cb0d elementor-nav-menu--dropdown-tablet elementor-nav-menu__text-align-aside elementor-nav-menu--toggle elementor-nav-menu--burger elementor-widget elementor-widget-nav-menu\" data-id=\"937cb0d\" data-element_type=\"widget\" data-settings=\"{&quot;layout&quot;:&quot;vertical&quot;,&quot;submenu_icon&quot;:{&quot;value&quot;:&quot;&lt;i class=\\&quot;fas fa-caret-down\\&quot;&gt;&lt;\\\/i&gt;&quot;,&quot;library&quot;:&quot;fa-solid&quot;},&quot;toggle&quot;:&quot;burger&quot;}\" data-widget_type=\"nav-menu.default\">\n\t\t\t\t<div class=\"elementor-widget-container\">\n\t\t\t\t\t\t\t\t<nav aria-label=\"Menu\" class=\"elementor-nav-menu--main elementor-nav-menu__container elementor-nav-menu--layout-vertical e--pointer-underline e--animation-fade\">\n\t\t\t\t<ul id=\"menu-1-937cb0d\" class=\"elementor-nav-menu sm-vertical\"><li class=\"menu-item menu-item-type-post_type menu-item-object-page menu-item-361\"><a href=\"https:\/\/spf.ueh.edu.vn\/en\/gioi-thieu-chung\/\" class=\"elementor-item\">Gi\u1edbi thi\u1ec7u chung<\/a><\/li>\n<li class=\"menu-item menu-item-type-post_type menu-item-object-page menu-item-360\"><a href=\"https:\/\/spf.ueh.edu.vn\/en\/lich-su-hinh-thanh\/\" class=\"elementor-item\">L\u1ecbch s\u1eed h\u00ecnh th\u00e0nh<\/a><\/li>\n<li class=\"menu-item menu-item-type-post_type menu-item-object-page menu-item-359\"><a href=\"https:\/\/spf.ueh.edu.vn\/en\/chuc-nang-nhiem-vu\/\" class=\"elementor-item\">Ch\u1ee9c n\u0103ng \u2013 Nhi\u1ec7m v\u1ee5<\/a><\/li>\n<li class=\"menu-item menu-item-type-post_type menu-item-object-page menu-item-358\"><a href=\"https:\/\/spf.ueh.edu.vn\/en\/so-do-to-chuc\/\" class=\"elementor-item\">S\u01a1 \u0111\u1ed3 t\u1ed5 ch\u1ee9c<\/a><\/li>\n<\/ul>\t\t\t<\/nav>\n\t\t\t\t\t<div class=\"elementor-menu-toggle\" role=\"button\" tabindex=\"0\" aria-label=\"Menu Toggle\" aria-expanded=\"false\">\n\t\t\t<i aria-hidden=\"true\" role=\"presentation\" class=\"elementor-menu-toggle__icon--open eicon-menu-bar\"><\/i><i aria-hidden=\"true\" role=\"presentation\" class=\"elementor-menu-toggle__icon--close eicon-close\"><\/i>\t\t<\/div>\n\t\t\t\t\t<nav class=\"elementor-nav-menu--dropdown elementor-nav-menu__container\" aria-hidden=\"true\">\n\t\t\t\t<ul id=\"menu-2-937cb0d\" class=\"elementor-nav-menu sm-vertical\"><li class=\"menu-item menu-item-type-post_type menu-item-object-page menu-item-361\"><a href=\"https:\/\/spf.ueh.edu.vn\/en\/gioi-thieu-chung\/\" class=\"elementor-item\" tabindex=\"-1\">Gi\u1edbi thi\u1ec7u chung<\/a><\/li>\n<li class=\"menu-item menu-item-type-post_type menu-item-object-page menu-item-360\"><a href=\"https:\/\/spf.ueh.edu.vn\/en\/lich-su-hinh-thanh\/\" class=\"elementor-item\" tabindex=\"-1\">L\u1ecbch s\u1eed h\u00ecnh th\u00e0nh<\/a><\/li>\n<li class=\"menu-item menu-item-type-post_type menu-item-object-page menu-item-359\"><a href=\"https:\/\/spf.ueh.edu.vn\/en\/chuc-nang-nhiem-vu\/\" class=\"elementor-item\" tabindex=\"-1\">Ch\u1ee9c n\u0103ng \u2013 Nhi\u1ec7m v\u1ee5<\/a><\/li>\n<li class=\"menu-item menu-item-type-post_type menu-item-object-page menu-item-358\"><a href=\"https:\/\/spf.ueh.edu.vn\/en\/so-do-to-chuc\/\" class=\"elementor-item\" tabindex=\"-1\">S\u01a1 \u0111\u1ed3 t\u1ed5 ch\u1ee9c<\/a><\/li>\n<\/ul>\t\t\t<\/nav>\n\t\t\t\t\t\t<\/div>\n\t\t\t\t<\/div>\n\t\t\t\t\t<\/div>\n\t\t<\/div>\n\t\t\t\t\t<\/div>\n\t\t<\/section>\n\t\t\t\t<\/div>\n\t\t","protected":false},"excerpt":{"rendered":"<p>GI\u1edaI THI\u1ec6U KHOA T\u00c0I CH\u00cdNH C\u00d4NG Th\u00f4ng tin t\u1ed5ng qu\u00e1t Khoa \u0111\u00e0o t\u1ea1o\u00a0 Khoa T\u00e0i Ch\u00ednh C\u00f4ng tr\u1ef1c thu\u1ed9c \u0110\u1ea1i H\u1ecdc Kinh t\u1ebf Th\u00e0nh ph\u1ed1 H\u1ed3 Ch\u00ed Minh \u0111\u01b0\u1ee3c th\u00e0nh l\u1eadp n\u0103m 1976. \u0110\u00e2y l\u00e0 \u0111\u01a1n v\u1ecb duy nh\u1ea5t chuy\u00ean \u0111\u00e0o t\u1ea1o v\u1ec1 t\u00e0i ch\u00ednh c\u00f4ng v\u00e0 qu\u1ea3n tr\u1ecb c\u00f4ng \u1edf ph\u00eda Nam, Vi\u1ec7t Nam. [&hellip;]<\/p>\n","protected":false},"author":1,"featured_media":0,"parent":0,"menu_order":0,"comment_status":"closed","ping_status":"closed","template":"elementor_header_footer","meta":{"footnotes":""},"class_list":["post-343","page","type-page","status-publish","hentry"],"_links":{"self":[{"href":"https:\/\/spf.ueh.edu.vn\/en\/wp-json\/wp\/v2\/pages\/343","targetHints":{"allow":["GET"]}}],"collection":[{"href":"https:\/\/spf.ueh.edu.vn\/en\/wp-json\/wp\/v2\/pages"}],"about":[{"href":"https:\/\/spf.ueh.edu.vn\/en\/wp-json\/wp\/v2\/types\/page"}],"author":[{"embeddable":true,"href":"https:\/\/spf.ueh.edu.vn\/en\/wp-json\/wp\/v2\/users\/1"}],"replies":[{"embeddable":true,"href":"https:\/\/spf.ueh.edu.vn\/en\/wp-json\/wp\/v2\/comments?post=343"}],"version-history":[{"count":15,"href":"https:\/\/spf.ueh.edu.vn\/en\/wp-json\/wp\/v2\/pages\/343\/revisions"}],"predecessor-version":[{"id":1672,"href":"https:\/\/spf.ueh.edu.vn\/en\/wp-json\/wp\/v2\/pages\/343\/revisions\/1672"}],"wp:attachment":[{"href":"https:\/\/spf.ueh.edu.vn\/en\/wp-json\/wp\/v2\/media?parent=343"}],"curies":[{"name":"wp","href":"https:\/\/api.w.org\/{rel}","templated":true}]}}