{"id":1150,"date":"2022-09-13T08:29:49","date_gmt":"2022-09-13T08:29:49","guid":{"rendered":"https:\/\/spf.ueh.edu.vn\/en\/?page_id=1150"},"modified":"2022-09-13T08:34:58","modified_gmt":"2022-09-13T08:34:58","slug":"lien-he","status":"publish","type":"page","link":"https:\/\/spf.ueh.edu.vn\/en\/lien-he\/","title":{"rendered":"Li\u00ean h\u1ec7"},"content":{"rendered":"\t\t<div data-elementor-type=\"wp-page\" data-elementor-id=\"1150\" class=\"elementor elementor-1150\" data-elementor-post-type=\"page\">\n\t\t\t\t\t\t<section class=\"elementor-section elementor-top-section elementor-element elementor-element-7f89f65 elementor-section-boxed elementor-section-height-default elementor-section-height-default\" data-id=\"7f89f65\" data-element_type=\"section\" data-settings=\"{&quot;jet_parallax_layout_list&quot;:[]}\">\n\t\t\t\t\t\t<div class=\"elementor-container elementor-column-gap-default\">\n\t\t\t\t\t<div class=\"elementor-column elementor-col-50 elementor-top-column elementor-element elementor-element-1ec57af\" data-id=\"1ec57af\" data-element_type=\"column\">\n\t\t\t<div class=\"elementor-widget-wrap elementor-element-populated\">\n\t\t\t\t\t\t<div class=\"elementor-element elementor-element-b1597df elementor-widget elementor-widget-heading\" data-id=\"b1597df\" data-element_type=\"widget\" data-widget_type=\"heading.default\">\n\t\t\t\t<div class=\"elementor-widget-container\">\n\t\t\t\t\t<h2 class=\"elementor-heading-title elementor-size-default\">KHOA T\u00c0I CH\u00cdNH C\u00d4NG<\/h2>\t\t\t\t<\/div>\n\t\t\t\t<\/div>\n\t\t\t\t<div class=\"elementor-element elementor-element-1dce5a6 elementor-widget elementor-widget-text-editor\" data-id=\"1dce5a6\" data-element_type=\"widget\" data-widget_type=\"text-editor.default\">\n\t\t\t\t<div class=\"elementor-widget-container\">\n\t\t\t\t\t\t\t\t\t<ul class=\"list-unstyled\"><li><i class=\"fa fa-home\"><\/i>\u00a0279 Nguy\u1ec5n Tri Ph\u01b0\u01a1ng, Q.10, Tp.HCM<\/li><li><i class=\"fa fa-phone\"><\/i>\u00a0Tel: 84.28.35265836 &#8211; 84.28.35265837<\/li><li><i class=\"fa fa-envelope-o\"><\/i>\u00a0Email: spf@ueh.edu.vn<\/li><li><i class=\"fa fa-globe\"><\/i>\u00a0Website: spf.ueh.edu.vn<\/li><\/ul>\t\t\t\t\t\t\t\t<\/div>\n\t\t\t\t<\/div>\n\t\t\t\t\t<\/div>\n\t\t<\/div>\n\t\t\t\t<div class=\"elementor-column elementor-col-50 elementor-top-column elementor-element elementor-element-c230254\" data-id=\"c230254\" data-element_type=\"column\">\n\t\t\t<div class=\"elementor-widget-wrap elementor-element-populated\">\n\t\t\t\t\t\t<div class=\"elementor-element elementor-element-c1e2c9e elementor-widget elementor-widget-heading\" data-id=\"c1e2c9e\" data-element_type=\"widget\" data-widget_type=\"heading.default\">\n\t\t\t\t<div class=\"elementor-widget-container\">\n\t\t\t\t\t<h2 class=\"elementor-heading-title elementor-size-default\">TH\u1edcI GIAN L\u00c0M VI\u1ec6C<\/h2>\t\t\t\t<\/div>\n\t\t\t\t<\/div>\n\t\t\t\t<div class=\"elementor-element elementor-element-ae02448 elementor-widget elementor-widget-text-editor\" data-id=\"ae02448\" data-element_type=\"widget\" data-widget_type=\"text-editor.default\">\n\t\t\t\t<div class=\"elementor-widget-container\">\n\t\t\t\t\t\t\t\t\t<ul class=\"list-unstyled\"><li><strong>Th\u1ee9 2 &#8211; Th\u1ee9 6:<\/strong><\/li><li>&#8211; S\u00e1ng: 8g00 \u0111\u1ebfn 11g30<\/li><li>&#8211; Chi\u1ec1u: 13g30 \u0111\u1ebfn 16g30<\/li><li><strong>Th\u1ee9 7, Ch\u1ee7 nh\u1eadt:<\/strong> Ngh\u0129<\/li><\/ul>\t\t\t\t\t\t\t\t<\/div>\n\t\t\t\t<\/div>\n\t\t\t\t\t<\/div>\n\t\t<\/div>\n\t\t\t\t\t<\/div>\n\t\t<\/section>\n\t\t\t\t<\/div>\n\t\t","protected":false},"excerpt":{"rendered":"<p>KHOA T\u00c0I CH\u00cdNH C\u00d4NG \u00a0279 Nguy\u1ec5n Tri Ph\u01b0\u01a1ng, Q.10, Tp.HCM \u00a0Tel: 84.28.35265836 &#8211; 84.28.35265837 \u00a0Email: spf@ueh.edu.vn \u00a0Website: spf.ueh.edu.vn TH\u1edcI GIAN L\u00c0M VI\u1ec6C Th\u1ee9 2 &#8211; Th\u1ee9 6: &#8211; S\u00e1ng: 8g00 \u0111\u1ebfn 11g30 &#8211; Chi\u1ec1u: 13g30 \u0111\u1ebfn 16g30 Th\u1ee9 7, Ch\u1ee7 nh\u1eadt: Ngh\u0129<\/p>\n","protected":false},"author":1,"featured_media":0,"parent":0,"menu_order":0,"comment_status":"closed","ping_status":"closed","template":"","meta":{"footnotes":""},"class_list":["post-1150","page","type-page","status-publish","hentry"],"_links":{"self":[{"href":"https:\/\/spf.ueh.edu.vn\/en\/wp-json\/wp\/v2\/pages\/1150","targetHints":{"allow":["GET"]}}],"collection":[{"href":"https:\/\/spf.ueh.edu.vn\/en\/wp-json\/wp\/v2\/pages"}],"about":[{"href":"https:\/\/spf.ueh.edu.vn\/en\/wp-json\/wp\/v2\/types\/page"}],"author":[{"embeddable":true,"href":"https:\/\/spf.ueh.edu.vn\/en\/wp-json\/wp\/v2\/users\/1"}],"replies":[{"embeddable":true,"href":"https:\/\/spf.ueh.edu.vn\/en\/wp-json\/wp\/v2\/comments?post=1150"}],"version-history":[{"count":7,"href":"https:\/\/spf.ueh.edu.vn\/en\/wp-json\/wp\/v2\/pages\/1150\/revisions"}],"predecessor-version":[{"id":1160,"href":"https:\/\/spf.ueh.edu.vn\/en\/wp-json\/wp\/v2\/pages\/1150\/revisions\/1160"}],"wp:attachment":[{"href":"https:\/\/spf.ueh.edu.vn\/en\/wp-json\/wp\/v2\/media?parent=1150"}],"curies":[{"name":"wp","href":"https:\/\/api.w.org\/{rel}","templated":true}]}}